{"id":5,"date":"2020-11-18T10:37:43","date_gmt":"2020-11-18T10:37:43","guid":{"rendered":"https:\/\/ilviaggiodivittorio.it\/?page_id=5"},"modified":"2020-12-08T16:52:25","modified_gmt":"2020-12-08T16:52:25","slug":"la-storia-del-viaggio","status":"publish","type":"page","link":"https:\/\/ilviaggiodivittorio.it\/?page_id=5","title":{"rendered":"Il Panettone Donizetti"},"content":{"rendered":"\n<div class=\"wp-block-cover has-background-dim has-parallax\" style=\"background-image:url(https:\/\/ilviaggiodivittorio.it\/wp-content\/uploads\/2020\/12\/Panettone-Donizetti.jpg)\"><div class=\"wp-block-cover__inner-container is-layout-flow wp-block-cover-is-layout-flow\">\n<p><\/p>\n\n\n\n<p><\/p>\n\n\n\n<p><\/p>\n\n\n\n<p><\/p>\n\n\n\n<p><\/p>\n\n\n\n<p><\/p>\n\n\n\n<p><\/p>\n\n\n\n<p class=\"has-text-align-center has-dark-yellow-color has-text-color has-large-font-size\">Il Panettone Donizetti<\/p>\n<\/div><\/div>\n\n\n\n<p>Vittorio era un uomo abituato alle sfide. Al suo arrivo al Balzer di Bergamo con il compito di restituire alla citt\u00e0 un luogo degno della sua fama e della sua storia, partendo dalle ricette storiche, quelle impresse nella memoria dei cittadini, si pone l\u2019obiettivo di attualizzarle e rivitalizzarle.<\/p>\n\n\n\n<div class=\"wp-block-image\"><figure class=\"alignright size-large is-resized\"><img loading=\"lazy\" decoding=\"async\" src=\"https:\/\/ilviaggiodivittorio.it\/wp-content\/uploads\/2020\/11\/Vittorio-e-Alessandro-769x1024.png\" alt=\"\" class=\"wp-image-23\" width=\"312\" height=\"415\" srcset=\"https:\/\/ilviaggiodivittorio.it\/wp-content\/uploads\/2020\/11\/Vittorio-e-Alessandro-769x1024.png 769w, https:\/\/ilviaggiodivittorio.it\/wp-content\/uploads\/2020\/11\/Vittorio-e-Alessandro-225x300.png 225w, https:\/\/ilviaggiodivittorio.it\/wp-content\/uploads\/2020\/11\/Vittorio-e-Alessandro-768x1023.png 768w, https:\/\/ilviaggiodivittorio.it\/wp-content\/uploads\/2020\/11\/Vittorio-e-Alessandro.png 885w\" sizes=\"auto, (max-width: 312px) 100vw, 312px\" \/><\/figure><\/div>\n\n\n\n<p>Tra le tante ricette storiche del Balzer non poteva mancare la tradizionale torta Donizetti. Il dolce pi\u00f9 celebre della citt\u00e0, dedicato al famoso compositore bergamasco Gaetano Donizetti, vede i natali nel 1948 proprio nei laboratori del Caff\u00e8 Balzer ad opera di Angelo Balzer. Il pasticcere rivisita una torta margherita dandole la forma di ciambella e la impreziosisce con canditi di albicocca e di ananas.<\/p>\n\n\n\n<p>Per questa ricetta Vittorio comincia un percorso di studio che durer\u00e0 quasi due anni. L\u2019obiettivo \u00e8 quello di attualizzare la ricetta nello stile e nei valori di sostenibilit\u00e0 etica e nutrizionale. Un omaggio alla citt\u00e0 ospitante, alla sua storia ed allo storico caff\u00e8 che \u00e8 chiamato a dirigere, ma un omaggio anche alla sua provincia di origine, Brescia, citt\u00e0 famosa per la sua scuola e tradizione di lievitati. Un filo conduttore che unisce due citt\u00e0 bellissime ricche di storia e di cultura e che richiama al progetto comune di rilancio del 2023 che le propone insieme capitali della cultura italiane.<\/p>\n\n\n\n<p>La sua ultima ricetta nasce quindi da un lungo lavoro cominciato gi\u00e0 dal luglio 2018 allo scopo di introdurre in un lievitato dolce, farine da grani antichi a basso contenuto di glutine, di ridurre l\u2019indice glicemico attraverso l\u2019uso di quantit\u00e0 minori di zucchero di qualit\u00e0 integrali e nutrizionalmente ricchi di micronutrienti, infine, di ridurre i quantitativi di grassi per rendere il dolce pi\u00f9 salutare.<\/p>\n\n\n\n<p>Il risultato \u00e8 un dolce che mantiene inalterato il senso di semplicit\u00e0, leggerezza ed armonia che ha contraddistinto al ricetta originale. La presenza dei grani antichi si traduce in una consistenza setosa diversa da quella che ci aspettiamo nei panettoni ma conservando la magia vitale che porta con s\u00e9 ogni lievitato, accompagnato da uno zucchero da spolvero impreziosito da un mix di spezie ad arricchire il gusto ed il messaggio.<\/p>\n\n\n\n<div style=\"height:65px\" aria-hidden=\"true\" class=\"wp-block-spacer\"><\/div>\n\n\n\n<div class=\"wp-block-columns is-layout-flex wp-container-core-columns-is-layout-9d6595d7 wp-block-columns-is-layout-flex\">\n<div class=\"wp-block-column is-layout-flow wp-block-column-is-layout-flow\">\n<div class=\"wp-block-caxton-super-button\"><div class=\"\" style=\"\"><a class=\"caxton-btn no-underline dib \" href=\"https:\/\/ilviaggiodivittorio.it\/?page_id=364\" data-hover-css=\"color:#555;\" style=\"letter-spacing:2px;font-weight:400;color:#555;background-color:#ffa751;border:2px  solid ;padding:0.5em 1em;;\" data-mobile-css=\"\" data-tablet-css=\"\" data-desktop-css=\"\"><span>VITTORIO FUSARI<\/span><\/a><\/div><\/div>\n<\/div>\n\n\n\n<div class=\"wp-block-column is-layout-flow wp-block-column-is-layout-flow\"><\/div>\n\n\n\n<div class=\"wp-block-column is-layout-flow wp-block-column-is-layout-flow\">\n<div class=\"wp-block-caxton-super-button\"><div class=\"\" style=\"\"><a class=\"caxton-btn no-underline dib \" href=\"https:\/\/ilviaggiodivittorio.it\/?page_id=109\" data-hover-css=\"color:#555;\" style=\"letter-spacing:2px;font-weight:400;color:#555;background-color:#ffa751;border:2px  solid ;padding:0.5em 1em;;\" data-mobile-css=\"\" data-tablet-css=\"\" data-desktop-css=\"\"><span>VIAGGIO FANTASTICO<\/span><\/a><\/div><\/div>\n<\/div>\n<\/div>\n\n\n\n<p><\/p>\n","protected":false},"excerpt":{"rendered":"<p>Vittorio era un uomo abituato alle sfide. Al suo arrivo al Balzer di Bergamo con il compito di restituire alla citt\u00e0 un luogo degno della sua fama e della sua<\/p>\n<p class=\"more-link\"><a href=\"https:\/\/ilviaggiodivittorio.it\/?page_id=5\" class=\"readmore\">Continue reading<svg class=\"icon icon-arrow-right\" aria-hidden=\"true\" role=\"img\"> <use href=\"#icon-arrow-right\" xlink:href=\"#icon-arrow-right\"><\/use> <\/svg><span class=\"screen-reader-text\">Il Panettone Donizetti<\/span><\/a><\/p>\n","protected":false},"author":1,"featured_media":184,"parent":0,"menu_order":0,"comment_status":"closed","ping_status":"closed","template":"","meta":{"_uag_custom_page_level_css":"","footnotes":""},"class_list":["post-5","page","type-page","status-publish","has-post-thumbnail","hentry"],"yoast_head":"<!-- This site is optimized with the Yoast SEO plugin v27.4 - https:\/\/yoast.com\/product\/yoast-seo-wordpress\/ -->\n<title>Il Panettone Donizetti -<\/title>\n<meta name=\"robots\" content=\"index, follow, max-snippet:-1, max-image-preview:large, max-video-preview:-1\" \/>\n<link rel=\"canonical\" href=\"https:\/\/ilviaggiodivittorio.it\/?page_id=5\" \/>\n<meta property=\"og:locale\" content=\"en_US\" \/>\n<meta property=\"og:type\" content=\"article\" \/>\n<meta property=\"og:title\" content=\"Il Panettone Donizetti -\" \/>\n<meta property=\"og:description\" content=\"Vittorio era un uomo abituato alle sfide. Al suo arrivo al Balzer di Bergamo con il compito di restituire alla citt\u00e0 un luogo degno della sua fama e della suaContinue reading Il Panettone Donizetti\" \/>\n<meta property=\"og:url\" content=\"https:\/\/ilviaggiodivittorio.it\/?page_id=5\" \/>\n<meta property=\"article:publisher\" content=\"https:\/\/www.facebook.com\/Visione-Futura-101418805139195\" \/>\n<meta property=\"article:modified_time\" content=\"2020-12-08T16:52:25+00:00\" \/>\n<meta property=\"og:image\" content=\"https:\/\/ilviaggiodivittorio.it\/wp-content\/uploads\/2020\/11\/Panettone-Donizetti.jpeg\" \/>\n\t<meta property=\"og:image:width\" content=\"1600\" \/>\n\t<meta property=\"og:image:height\" content=\"1200\" \/>\n\t<meta property=\"og:image:type\" content=\"image\/jpeg\" \/>\n<meta name=\"twitter:card\" content=\"summary_large_image\" \/>\n<meta name=\"twitter:label1\" content=\"Est. reading time\" \/>\n\t<meta name=\"twitter:data1\" content=\"2 minutes\" \/>\n<script type=\"application\/ld+json\" class=\"yoast-schema-graph\">{\"@context\":\"https:\\\/\\\/schema.org\",\"@graph\":[{\"@type\":\"WebPage\",\"@id\":\"https:\\\/\\\/ilviaggiodivittorio.it\\\/?page_id=5\",\"url\":\"https:\\\/\\\/ilviaggiodivittorio.it\\\/?page_id=5\",\"name\":\"Il Panettone Donizetti -\",\"isPartOf\":{\"@id\":\"https:\\\/\\\/ilviaggiodivittorio.it\\\/#website\"},\"primaryImageOfPage\":{\"@id\":\"https:\\\/\\\/ilviaggiodivittorio.it\\\/?page_id=5#primaryimage\"},\"image\":{\"@id\":\"https:\\\/\\\/ilviaggiodivittorio.it\\\/?page_id=5#primaryimage\"},\"thumbnailUrl\":\"https:\\\/\\\/ilviaggiodivittorio.it\\\/wp-content\\\/uploads\\\/2020\\\/11\\\/Panettone-Donizetti.jpeg\",\"datePublished\":\"2020-11-18T10:37:43+00:00\",\"dateModified\":\"2020-12-08T16:52:25+00:00\",\"breadcrumb\":{\"@id\":\"https:\\\/\\\/ilviaggiodivittorio.it\\\/?page_id=5#breadcrumb\"},\"inLanguage\":\"en-US\",\"potentialAction\":[{\"@type\":\"ReadAction\",\"target\":[\"https:\\\/\\\/ilviaggiodivittorio.it\\\/?page_id=5\"]}]},{\"@type\":\"ImageObject\",\"inLanguage\":\"en-US\",\"@id\":\"https:\\\/\\\/ilviaggiodivittorio.it\\\/?page_id=5#primaryimage\",\"url\":\"https:\\\/\\\/ilviaggiodivittorio.it\\\/wp-content\\\/uploads\\\/2020\\\/11\\\/Panettone-Donizetti.jpeg\",\"contentUrl\":\"https:\\\/\\\/ilviaggiodivittorio.it\\\/wp-content\\\/uploads\\\/2020\\\/11\\\/Panettone-Donizetti.jpeg\",\"width\":1600,\"height\":1200},{\"@type\":\"BreadcrumbList\",\"@id\":\"https:\\\/\\\/ilviaggiodivittorio.it\\\/?page_id=5#breadcrumb\",\"itemListElement\":[{\"@type\":\"ListItem\",\"position\":1,\"name\":\"Home\",\"item\":\"https:\\\/\\\/ilviaggiodivittorio.it\\\/\"},{\"@type\":\"ListItem\",\"position\":2,\"name\":\"Il Panettone Donizetti\"}]},{\"@type\":\"WebSite\",\"@id\":\"https:\\\/\\\/ilviaggiodivittorio.it\\\/#website\",\"url\":\"https:\\\/\\\/ilviaggiodivittorio.it\\\/\",\"name\":\"Viaggio Fantastico - Visione Futura\",\"description\":\"di Vittorio Fusari\",\"publisher\":{\"@id\":\"https:\\\/\\\/ilviaggiodivittorio.it\\\/#organization\"},\"potentialAction\":[{\"@type\":\"SearchAction\",\"target\":{\"@type\":\"EntryPoint\",\"urlTemplate\":\"https:\\\/\\\/ilviaggiodivittorio.it\\\/?s={search_term_string}\"},\"query-input\":{\"@type\":\"PropertyValueSpecification\",\"valueRequired\":true,\"valueName\":\"search_term_string\"}}],\"inLanguage\":\"en-US\"},{\"@type\":\"Organization\",\"@id\":\"https:\\\/\\\/ilviaggiodivittorio.it\\\/#organization\",\"name\":\"Visione Futura\",\"url\":\"https:\\\/\\\/ilviaggiodivittorio.it\\\/\",\"logo\":{\"@type\":\"ImageObject\",\"inLanguage\":\"en-US\",\"@id\":\"https:\\\/\\\/ilviaggiodivittorio.it\\\/#\\\/schema\\\/logo\\\/image\\\/\",\"url\":\"https:\\\/\\\/ilviaggiodivittorio.it\\\/wp-content\\\/uploads\\\/2020\\\/12\\\/LOGOVisione-futura.png\",\"contentUrl\":\"https:\\\/\\\/ilviaggiodivittorio.it\\\/wp-content\\\/uploads\\\/2020\\\/12\\\/LOGOVisione-futura.png\",\"width\":1067,\"height\":1139,\"caption\":\"Visione Futura\"},\"image\":{\"@id\":\"https:\\\/\\\/ilviaggiodivittorio.it\\\/#\\\/schema\\\/logo\\\/image\\\/\"},\"sameAs\":[\"https:\\\/\\\/www.facebook.com\\\/Visione-Futura-101418805139195\",\"https:\\\/\\\/www.instagram.com\\\/visione_futura\\\/?hl=it\"]}]}<\/script>\n<!-- \/ Yoast SEO plugin. -->","yoast_head_json":{"title":"Il Panettone Donizetti -","robots":{"index":"index","follow":"follow","max-snippet":"max-snippet:-1","max-image-preview":"max-image-preview:large","max-video-preview":"max-video-preview:-1"},"canonical":"https:\/\/ilviaggiodivittorio.it\/?page_id=5","og_locale":"en_US","og_type":"article","og_title":"Il Panettone Donizetti -","og_description":"Vittorio era un uomo abituato alle sfide. Al suo arrivo al Balzer di Bergamo con il compito di restituire alla citt\u00e0 un luogo degno della sua fama e della suaContinue reading Il Panettone Donizetti","og_url":"https:\/\/ilviaggiodivittorio.it\/?page_id=5","article_publisher":"https:\/\/www.facebook.com\/Visione-Futura-101418805139195","article_modified_time":"2020-12-08T16:52:25+00:00","og_image":[{"width":1600,"height":1200,"url":"https:\/\/ilviaggiodivittorio.it\/wp-content\/uploads\/2020\/11\/Panettone-Donizetti.jpeg","type":"image\/jpeg"}],"twitter_card":"summary_large_image","twitter_misc":{"Est. reading time":"2 minutes"},"schema":{"@context":"https:\/\/schema.org","@graph":[{"@type":"WebPage","@id":"https:\/\/ilviaggiodivittorio.it\/?page_id=5","url":"https:\/\/ilviaggiodivittorio.it\/?page_id=5","name":"Il Panettone Donizetti -","isPartOf":{"@id":"https:\/\/ilviaggiodivittorio.it\/#website"},"primaryImageOfPage":{"@id":"https:\/\/ilviaggiodivittorio.it\/?page_id=5#primaryimage"},"image":{"@id":"https:\/\/ilviaggiodivittorio.it\/?page_id=5#primaryimage"},"thumbnailUrl":"https:\/\/ilviaggiodivittorio.it\/wp-content\/uploads\/2020\/11\/Panettone-Donizetti.jpeg","datePublished":"2020-11-18T10:37:43+00:00","dateModified":"2020-12-08T16:52:25+00:00","breadcrumb":{"@id":"https:\/\/ilviaggiodivittorio.it\/?page_id=5#breadcrumb"},"inLanguage":"en-US","potentialAction":[{"@type":"ReadAction","target":["https:\/\/ilviaggiodivittorio.it\/?page_id=5"]}]},{"@type":"ImageObject","inLanguage":"en-US","@id":"https:\/\/ilviaggiodivittorio.it\/?page_id=5#primaryimage","url":"https:\/\/ilviaggiodivittorio.it\/wp-content\/uploads\/2020\/11\/Panettone-Donizetti.jpeg","contentUrl":"https:\/\/ilviaggiodivittorio.it\/wp-content\/uploads\/2020\/11\/Panettone-Donizetti.jpeg","width":1600,"height":1200},{"@type":"BreadcrumbList","@id":"https:\/\/ilviaggiodivittorio.it\/?page_id=5#breadcrumb","itemListElement":[{"@type":"ListItem","position":1,"name":"Home","item":"https:\/\/ilviaggiodivittorio.it\/"},{"@type":"ListItem","position":2,"name":"Il Panettone Donizetti"}]},{"@type":"WebSite","@id":"https:\/\/ilviaggiodivittorio.it\/#website","url":"https:\/\/ilviaggiodivittorio.it\/","name":"Viaggio Fantastico - Visione Futura","description":"di Vittorio Fusari","publisher":{"@id":"https:\/\/ilviaggiodivittorio.it\/#organization"},"potentialAction":[{"@type":"SearchAction","target":{"@type":"EntryPoint","urlTemplate":"https:\/\/ilviaggiodivittorio.it\/?s={search_term_string}"},"query-input":{"@type":"PropertyValueSpecification","valueRequired":true,"valueName":"search_term_string"}}],"inLanguage":"en-US"},{"@type":"Organization","@id":"https:\/\/ilviaggiodivittorio.it\/#organization","name":"Visione Futura","url":"https:\/\/ilviaggiodivittorio.it\/","logo":{"@type":"ImageObject","inLanguage":"en-US","@id":"https:\/\/ilviaggiodivittorio.it\/#\/schema\/logo\/image\/","url":"https:\/\/ilviaggiodivittorio.it\/wp-content\/uploads\/2020\/12\/LOGOVisione-futura.png","contentUrl":"https:\/\/ilviaggiodivittorio.it\/wp-content\/uploads\/2020\/12\/LOGOVisione-futura.png","width":1067,"height":1139,"caption":"Visione Futura"},"image":{"@id":"https:\/\/ilviaggiodivittorio.it\/#\/schema\/logo\/image\/"},"sameAs":["https:\/\/www.facebook.com\/Visione-Futura-101418805139195","https:\/\/www.instagram.com\/visione_futura\/?hl=it"]}]}},"uagb_featured_image_src":{"full":["https:\/\/ilviaggiodivittorio.it\/wp-content\/uploads\/2020\/11\/Panettone-Donizetti.jpeg",1600,1200,false],"thumbnail":["https:\/\/ilviaggiodivittorio.it\/wp-content\/uploads\/2020\/11\/Panettone-Donizetti-150x150.jpeg",150,150,true],"medium":["https:\/\/ilviaggiodivittorio.it\/wp-content\/uploads\/2020\/11\/Panettone-Donizetti-300x225.jpeg",300,225,true],"medium_large":["https:\/\/ilviaggiodivittorio.it\/wp-content\/uploads\/2020\/11\/Panettone-Donizetti-768x576.jpeg",768,576,true],"large":["https:\/\/ilviaggiodivittorio.it\/wp-content\/uploads\/2020\/11\/Panettone-Donizetti-1024x768.jpeg",920,690,true],"1536x1536":["https:\/\/ilviaggiodivittorio.it\/wp-content\/uploads\/2020\/11\/Panettone-Donizetti-1536x1152.jpeg",1536,1152,true],"2048x2048":["https:\/\/ilviaggiodivittorio.it\/wp-content\/uploads\/2020\/11\/Panettone-Donizetti.jpeg",1600,1200,false],"post-thumbnail":["https:\/\/ilviaggiodivittorio.it\/wp-content\/uploads\/2020\/11\/Panettone-Donizetti.jpeg",960,720,false],"photofocus-single-post-page":["https:\/\/ilviaggiodivittorio.it\/wp-content\/uploads\/2020\/11\/Panettone-Donizetti.jpeg",587,440,false],"photofocus-testimonial":["https:\/\/ilviaggiodivittorio.it\/wp-content\/uploads\/2020\/11\/Panettone-Donizetti.jpeg",140,105,false],"photofocus-stats":["https:\/\/ilviaggiodivittorio.it\/wp-content\/uploads\/2020\/11\/Panettone-Donizetti.jpeg",50,38,false],"photofocus-team":["https:\/\/ilviaggiodivittorio.it\/wp-content\/uploads\/2020\/11\/Panettone-Donizetti.jpeg",666,500,false],"photofocus-logo-slider":["https:\/\/ilviaggiodivittorio.it\/wp-content\/uploads\/2020\/11\/Panettone-Donizetti.jpeg",124,93,false],"photofocus-portfolio":["https:\/\/ilviaggiodivittorio.it\/wp-content\/uploads\/2020\/11\/Panettone-Donizetti.jpeg",1600,1200,false],"photofocus-services":["https:\/\/ilviaggiodivittorio.it\/wp-content\/uploads\/2020\/11\/Panettone-Donizetti.jpeg",80,60,false]},"uagb_author_info":{"display_name":"Ale","author_link":"https:\/\/ilviaggiodivittorio.it\/?author=1"},"uagb_comment_info":0,"uagb_excerpt":"Vittorio era un uomo abituato alle sfide. Al suo arrivo al Balzer di Bergamo con il compito di restituire alla citt\u00e0 un luogo degno della sua fama e della suaContinue reading Il Panettone Donizetti","_links":{"self":[{"href":"https:\/\/ilviaggiodivittorio.it\/index.php?rest_route=\/wp\/v2\/pages\/5","targetHints":{"allow":["GET"]}}],"collection":[{"href":"https:\/\/ilviaggiodivittorio.it\/index.php?rest_route=\/wp\/v2\/pages"}],"about":[{"href":"https:\/\/ilviaggiodivittorio.it\/index.php?rest_route=\/wp\/v2\/types\/page"}],"author":[{"embeddable":true,"href":"https:\/\/ilviaggiodivittorio.it\/index.php?rest_route=\/wp\/v2\/users\/1"}],"replies":[{"embeddable":true,"href":"https:\/\/ilviaggiodivittorio.it\/index.php?rest_route=%2Fwp%2Fv2%2Fcomments&post=5"}],"version-history":[{"count":20,"href":"https:\/\/ilviaggiodivittorio.it\/index.php?rest_route=\/wp\/v2\/pages\/5\/revisions"}],"predecessor-version":[{"id":488,"href":"https:\/\/ilviaggiodivittorio.it\/index.php?rest_route=\/wp\/v2\/pages\/5\/revisions\/488"}],"wp:featuredmedia":[{"embeddable":true,"href":"https:\/\/ilviaggiodivittorio.it\/index.php?rest_route=\/wp\/v2\/media\/184"}],"wp:attachment":[{"href":"https:\/\/ilviaggiodivittorio.it\/index.php?rest_route=%2Fwp%2Fv2%2Fmedia&parent=5"}],"curies":[{"name":"wp","href":"https:\/\/api.w.org\/{rel}","templated":true}]}}