{"id":217,"date":"2020-11-28T11:55:54","date_gmt":"2020-11-28T11:55:54","guid":{"rendered":"https:\/\/ilviaggiodivittorio.it\/?page_id=217"},"modified":"2020-12-01T17:43:26","modified_gmt":"2020-12-01T17:43:26","slug":"presidi-slow-food","status":"publish","type":"page","link":"https:\/\/ilviaggiodivittorio.it\/?page_id=217","title":{"rendered":"Presidi Slow Food"},"content":{"rendered":"\n<div class=\"wp-block-cover has-background-dim has-parallax\" style=\"background-image:url(https:\/\/ilviaggiodivittorio.it\/wp-content\/uploads\/2020\/11\/albicocche-scaled.jpg)\"><div class=\"wp-block-cover__inner-container is-layout-flow wp-block-cover-is-layout-flow\">\n<p class=\"has-text-align-center has-dark-yellow-color has-text-color has-large-font-size\">i Presidi SlowFood<\/p>\n<\/div><\/div>\n\n\n\n<div style=\"height:65px\" aria-hidden=\"true\" class=\"wp-block-spacer\"><\/div>\n\n\n\n<div class=\"wp-block-image\"><figure class=\"alignleft size-large is-resized\"><img loading=\"lazy\" decoding=\"async\" src=\"https:\/\/ilviaggiodivittorio.it\/wp-content\/uploads\/2020\/11\/ITA_SF_presi\u0300diplurale.jpg\" alt=\"\" class=\"wp-image-90\" width=\"286\" height=\"190\" srcset=\"https:\/\/ilviaggiodivittorio.it\/wp-content\/uploads\/2020\/11\/ITA_SF_presi\u0300diplurale.jpg 856w, https:\/\/ilviaggiodivittorio.it\/wp-content\/uploads\/2020\/11\/ITA_SF_presi\u0300diplurale-300x199.jpg 300w, https:\/\/ilviaggiodivittorio.it\/wp-content\/uploads\/2020\/11\/ITA_SF_presi\u0300diplurale-768x509.jpg 768w\" sizes=\"auto, (max-width: 286px) 100vw, 286px\" \/><figcaption><strong>I Pres\u00ecdi sono progetti di Slow Food che tutelano piccole produzioni di qualit\u00e0 realizzate secondo pratiche tradizionali<\/strong><\/figcaption><\/figure><\/div>\n\n\n\n<p>Nel Viaggio Fantastico abbiamo scelto di prediligere sempre materie prime che coniugassero qualit\u00e0 e sostenibilit\u00e0. L&#8217;utilizzo di pres\u00ecdi SlowFood nel Viaggio Fantastico rappresentano la filosofia del progetto ed il desiderio di condividere culture, saperi e tradizioni non solo nell&#8217;ambito territoriale che ci \u00e8 proprio, ma nel pi\u00f9 ampio e variegato mondo delle colture e tradizioni gastronomiche nazionali ed internazionali.<\/p>\n\n\n\n<p><a href=\"https:\/\/www.fondazioneslowfood.com\/it\/presidi-slow-food\/vecchie-varieta-di-albicocche-del-vesuvio\/\" target=\"_blank\" rel=\"noreferrer noopener\">Vecchie variet\u00e0 di albicocche del Vesuvio<\/a><\/p>\n\n\n\n<p><a href=\"https:\/\/www.fondazioneslowfood.com\/it\/presidi-slow-food\/sale-marino-di-trapani\/\" target=\"_blank\" rel=\"noreferrer noopener\">Sale marino di Trapani<\/a><\/p>\n\n\n\n<p><a href=\"https:\/\/www.fondazioneslowfood.com\/it\/presidi-slow-food\/vaniglia-della-chinantla\/\" target=\"_blank\" rel=\"noreferrer noopener\">Vaniglia della Chinantla<\/a><\/p>\n\n\n\n<div style=\"height:65px\" aria-hidden=\"true\" class=\"wp-block-spacer\"><\/div>\n\n\n\n<div class=\"wp-block-caxton-super-button\"><div class=\"\" style=\"\"><a class=\"caxton-btn no-underline dib \" href=\"https:\/\/ilviaggiodivittorio.it\/#Tappe\" data-hover-css=\"color:#555;\" style=\"letter-spacing:2px;font-weight:400;font-family:Verdana, Geneva, sans-serif;color:#000000;background-color:#ffa751;border:2px  solid ;padding:0.5em 1em;;\" data-mobile-css=\"\" data-tablet-css=\"\" data-desktop-css=\"\"><span>TORNA AL VIAGGIO<\/span><\/a><\/div><\/div>\n","protected":false},"excerpt":{"rendered":"<p>Nel Viaggio Fantastico abbiamo scelto di prediligere sempre materie prime che coniugassero qualit\u00e0 e sostenibilit\u00e0. L&#8217;utilizzo di pres\u00ecdi SlowFood nel Viaggio Fantastico rappresentano la filosofia del progetto ed il desiderio<\/p>\n<p class=\"more-link\"><a href=\"https:\/\/ilviaggiodivittorio.it\/?page_id=217\" class=\"readmore\">Continue reading<svg class=\"icon icon-arrow-right\" aria-hidden=\"true\" role=\"img\"> <use href=\"#icon-arrow-right\" xlink:href=\"#icon-arrow-right\"><\/use> <\/svg><span class=\"screen-reader-text\">Presidi Slow Food<\/span><\/a><\/p>\n","protected":false},"author":1,"featured_media":0,"parent":0,"menu_order":0,"comment_status":"closed","ping_status":"closed","template":"","meta":{"_uag_custom_page_level_css":"","footnotes":""},"class_list":["post-217","page","type-page","status-publish","hentry"],"yoast_head":"<!-- This site is optimized with the Yoast SEO plugin v27.5 - https:\/\/yoast.com\/product\/yoast-seo-wordpress\/ -->\n<title>Presidi Slow Food -<\/title>\n<meta name=\"robots\" content=\"index, follow, max-snippet:-1, max-image-preview:large, max-video-preview:-1\" \/>\n<link rel=\"canonical\" href=\"https:\/\/ilviaggiodivittorio.it\/?page_id=217\" \/>\n<meta property=\"og:locale\" content=\"en_US\" \/>\n<meta property=\"og:type\" content=\"article\" \/>\n<meta property=\"og:title\" content=\"Presidi Slow Food -\" \/>\n<meta property=\"og:description\" content=\"Nel Viaggio Fantastico abbiamo scelto di prediligere sempre materie prime che coniugassero qualit\u00e0 e sostenibilit\u00e0. L&#8217;utilizzo di pres\u00ecdi SlowFood nel Viaggio Fantastico rappresentano la filosofia del progetto ed il desiderioContinue reading Presidi Slow Food\" \/>\n<meta property=\"og:url\" content=\"https:\/\/ilviaggiodivittorio.it\/?page_id=217\" \/>\n<meta property=\"article:publisher\" content=\"https:\/\/www.facebook.com\/Visione-Futura-101418805139195\" \/>\n<meta property=\"article:modified_time\" content=\"2020-12-01T17:43:26+00:00\" \/>\n<meta property=\"og:image\" content=\"https:\/\/ilviaggiodivittorio.it\/wp-content\/uploads\/2020\/11\/ITA_SF_presi\u0300diplurale.jpg\" \/>\n<meta name=\"twitter:card\" content=\"summary_large_image\" \/>\n<script type=\"application\/ld+json\" class=\"yoast-schema-graph\">{\"@context\":\"https:\\\/\\\/schema.org\",\"@graph\":[{\"@type\":\"WebPage\",\"@id\":\"https:\\\/\\\/ilviaggiodivittorio.it\\\/?page_id=217\",\"url\":\"https:\\\/\\\/ilviaggiodivittorio.it\\\/?page_id=217\",\"name\":\"Presidi Slow Food -\",\"isPartOf\":{\"@id\":\"https:\\\/\\\/ilviaggiodivittorio.it\\\/#website\"},\"datePublished\":\"2020-11-28T11:55:54+00:00\",\"dateModified\":\"2020-12-01T17:43:26+00:00\",\"breadcrumb\":{\"@id\":\"https:\\\/\\\/ilviaggiodivittorio.it\\\/?page_id=217#breadcrumb\"},\"inLanguage\":\"en-US\",\"potentialAction\":[{\"@type\":\"ReadAction\",\"target\":[\"https:\\\/\\\/ilviaggiodivittorio.it\\\/?page_id=217\"]}]},{\"@type\":\"BreadcrumbList\",\"@id\":\"https:\\\/\\\/ilviaggiodivittorio.it\\\/?page_id=217#breadcrumb\",\"itemListElement\":[{\"@type\":\"ListItem\",\"position\":1,\"name\":\"Home\",\"item\":\"https:\\\/\\\/ilviaggiodivittorio.it\\\/\"},{\"@type\":\"ListItem\",\"position\":2,\"name\":\"Presidi Slow Food\"}]},{\"@type\":\"WebSite\",\"@id\":\"https:\\\/\\\/ilviaggiodivittorio.it\\\/#website\",\"url\":\"https:\\\/\\\/ilviaggiodivittorio.it\\\/\",\"name\":\"Viaggio Fantastico - Visione Futura\",\"description\":\"di Vittorio Fusari\",\"publisher\":{\"@id\":\"https:\\\/\\\/ilviaggiodivittorio.it\\\/#organization\"},\"potentialAction\":[{\"@type\":\"SearchAction\",\"target\":{\"@type\":\"EntryPoint\",\"urlTemplate\":\"https:\\\/\\\/ilviaggiodivittorio.it\\\/?s={search_term_string}\"},\"query-input\":{\"@type\":\"PropertyValueSpecification\",\"valueRequired\":true,\"valueName\":\"search_term_string\"}}],\"inLanguage\":\"en-US\"},{\"@type\":\"Organization\",\"@id\":\"https:\\\/\\\/ilviaggiodivittorio.it\\\/#organization\",\"name\":\"Visione Futura\",\"url\":\"https:\\\/\\\/ilviaggiodivittorio.it\\\/\",\"logo\":{\"@type\":\"ImageObject\",\"inLanguage\":\"en-US\",\"@id\":\"https:\\\/\\\/ilviaggiodivittorio.it\\\/#\\\/schema\\\/logo\\\/image\\\/\",\"url\":\"https:\\\/\\\/ilviaggiodivittorio.it\\\/wp-content\\\/uploads\\\/2020\\\/12\\\/LOGOVisione-futura.png\",\"contentUrl\":\"https:\\\/\\\/ilviaggiodivittorio.it\\\/wp-content\\\/uploads\\\/2020\\\/12\\\/LOGOVisione-futura.png\",\"width\":1067,\"height\":1139,\"caption\":\"Visione Futura\"},\"image\":{\"@id\":\"https:\\\/\\\/ilviaggiodivittorio.it\\\/#\\\/schema\\\/logo\\\/image\\\/\"},\"sameAs\":[\"https:\\\/\\\/www.facebook.com\\\/Visione-Futura-101418805139195\",\"https:\\\/\\\/www.instagram.com\\\/visione_futura\\\/?hl=it\"]}]}<\/script>\n<!-- \/ Yoast SEO plugin. -->","yoast_head_json":{"title":"Presidi Slow Food -","robots":{"index":"index","follow":"follow","max-snippet":"max-snippet:-1","max-image-preview":"max-image-preview:large","max-video-preview":"max-video-preview:-1"},"canonical":"https:\/\/ilviaggiodivittorio.it\/?page_id=217","og_locale":"en_US","og_type":"article","og_title":"Presidi Slow Food -","og_description":"Nel Viaggio Fantastico abbiamo scelto di prediligere sempre materie prime che coniugassero qualit\u00e0 e sostenibilit\u00e0. L&#8217;utilizzo di pres\u00ecdi SlowFood nel Viaggio Fantastico rappresentano la filosofia del progetto ed il desiderioContinue reading Presidi Slow Food","og_url":"https:\/\/ilviaggiodivittorio.it\/?page_id=217","article_publisher":"https:\/\/www.facebook.com\/Visione-Futura-101418805139195","article_modified_time":"2020-12-01T17:43:26+00:00","og_image":[{"url":"https:\/\/ilviaggiodivittorio.it\/wp-content\/uploads\/2020\/11\/ITA_SF_presi\u0300diplurale.jpg","type":"","width":"","height":""}],"twitter_card":"summary_large_image","schema":{"@context":"https:\/\/schema.org","@graph":[{"@type":"WebPage","@id":"https:\/\/ilviaggiodivittorio.it\/?page_id=217","url":"https:\/\/ilviaggiodivittorio.it\/?page_id=217","name":"Presidi Slow Food -","isPartOf":{"@id":"https:\/\/ilviaggiodivittorio.it\/#website"},"datePublished":"2020-11-28T11:55:54+00:00","dateModified":"2020-12-01T17:43:26+00:00","breadcrumb":{"@id":"https:\/\/ilviaggiodivittorio.it\/?page_id=217#breadcrumb"},"inLanguage":"en-US","potentialAction":[{"@type":"ReadAction","target":["https:\/\/ilviaggiodivittorio.it\/?page_id=217"]}]},{"@type":"BreadcrumbList","@id":"https:\/\/ilviaggiodivittorio.it\/?page_id=217#breadcrumb","itemListElement":[{"@type":"ListItem","position":1,"name":"Home","item":"https:\/\/ilviaggiodivittorio.it\/"},{"@type":"ListItem","position":2,"name":"Presidi Slow Food"}]},{"@type":"WebSite","@id":"https:\/\/ilviaggiodivittorio.it\/#website","url":"https:\/\/ilviaggiodivittorio.it\/","name":"Viaggio Fantastico - Visione Futura","description":"di Vittorio Fusari","publisher":{"@id":"https:\/\/ilviaggiodivittorio.it\/#organization"},"potentialAction":[{"@type":"SearchAction","target":{"@type":"EntryPoint","urlTemplate":"https:\/\/ilviaggiodivittorio.it\/?s={search_term_string}"},"query-input":{"@type":"PropertyValueSpecification","valueRequired":true,"valueName":"search_term_string"}}],"inLanguage":"en-US"},{"@type":"Organization","@id":"https:\/\/ilviaggiodivittorio.it\/#organization","name":"Visione Futura","url":"https:\/\/ilviaggiodivittorio.it\/","logo":{"@type":"ImageObject","inLanguage":"en-US","@id":"https:\/\/ilviaggiodivittorio.it\/#\/schema\/logo\/image\/","url":"https:\/\/ilviaggiodivittorio.it\/wp-content\/uploads\/2020\/12\/LOGOVisione-futura.png","contentUrl":"https:\/\/ilviaggiodivittorio.it\/wp-content\/uploads\/2020\/12\/LOGOVisione-futura.png","width":1067,"height":1139,"caption":"Visione Futura"},"image":{"@id":"https:\/\/ilviaggiodivittorio.it\/#\/schema\/logo\/image\/"},"sameAs":["https:\/\/www.facebook.com\/Visione-Futura-101418805139195","https:\/\/www.instagram.com\/visione_futura\/?hl=it"]}]}},"uagb_featured_image_src":{"full":false,"thumbnail":false,"medium":false,"medium_large":false,"large":false,"1536x1536":false,"2048x2048":false,"post-thumbnail":false,"photofocus-single-post-page":false,"photofocus-testimonial":false,"photofocus-stats":false,"photofocus-team":false,"photofocus-logo-slider":false,"photofocus-portfolio":false,"photofocus-services":false},"uagb_author_info":{"display_name":"Ale","author_link":"https:\/\/ilviaggiodivittorio.it\/?author=1"},"uagb_comment_info":0,"uagb_excerpt":"Nel Viaggio Fantastico abbiamo scelto di prediligere sempre materie prime che coniugassero qualit\u00e0 e sostenibilit\u00e0. L&#8217;utilizzo di pres\u00ecdi SlowFood nel Viaggio Fantastico rappresentano la filosofia del progetto ed il desiderioContinue reading Presidi Slow Food","_links":{"self":[{"href":"https:\/\/ilviaggiodivittorio.it\/index.php?rest_route=\/wp\/v2\/pages\/217","targetHints":{"allow":["GET"]}}],"collection":[{"href":"https:\/\/ilviaggiodivittorio.it\/index.php?rest_route=\/wp\/v2\/pages"}],"about":[{"href":"https:\/\/ilviaggiodivittorio.it\/index.php?rest_route=\/wp\/v2\/types\/page"}],"author":[{"embeddable":true,"href":"https:\/\/ilviaggiodivittorio.it\/index.php?rest_route=\/wp\/v2\/users\/1"}],"replies":[{"embeddable":true,"href":"https:\/\/ilviaggiodivittorio.it\/index.php?rest_route=%2Fwp%2Fv2%2Fcomments&post=217"}],"version-history":[{"count":9,"href":"https:\/\/ilviaggiodivittorio.it\/index.php?rest_route=\/wp\/v2\/pages\/217\/revisions"}],"predecessor-version":[{"id":445,"href":"https:\/\/ilviaggiodivittorio.it\/index.php?rest_route=\/wp\/v2\/pages\/217\/revisions\/445"}],"wp:attachment":[{"href":"https:\/\/ilviaggiodivittorio.it\/index.php?rest_route=%2Fwp%2Fv2%2Fmedia&parent=217"}],"curies":[{"name":"wp","href":"https:\/\/api.w.org\/{rel}","templated":true}]}}