{"id":213,"date":"2020-11-30T17:35:28","date_gmt":"2020-11-30T17:35:28","guid":{"rendered":"https:\/\/ilviaggiodivittorio.it\/?page_id=213"},"modified":"2020-12-02T07:13:30","modified_gmt":"2020-12-02T07:13:30","slug":"il-miele","status":"publish","type":"page","link":"https:\/\/ilviaggiodivittorio.it\/?page_id=213","title":{"rendered":"Il Miele"},"content":{"rendered":"\n<div class=\"wp-block-cover has-background-dim has-parallax\" style=\"background-image:url(https:\/\/ilviaggiodivittorio.it\/wp-content\/uploads\/2020\/11\/miele-scaled.jpg)\"><div class=\"wp-block-cover__inner-container is-layout-flow wp-block-cover-is-layout-flow\">\n<p class=\"has-text-align-center has-dark-yellow-color has-text-color has-large-font-size\">il Miele<\/p>\n<\/div><\/div>\n\n\n\n<div style=\"height:65px\" aria-hidden=\"true\" class=\"wp-block-spacer\"><\/div>\n\n\n\n<p>Il miele \u00e8 materia viva, e quello che abbiamo scelto per il Viaggio Fantastico lo \u00e8 di pi\u00f9&#8230; <\/p>\n\n\n\n<p>\u00c8 <a href=\"https:\/\/ilviaggiodivittorio.it\/?page_id=56\" data-type=\"page\" data-id=\"56\">Radu<\/a> che ne racconta la storia:<\/p>\n\n\n\n<div class=\"wp-block-image\"><figure class=\"alignleft size-large is-resized\"><img loading=\"lazy\" decoding=\"async\" src=\"https:\/\/ilviaggiodivittorio.it\/wp-content\/uploads\/2020\/11\/rada-nadelcu-576x1024.jpeg\" alt=\"\" class=\"wp-image-299\" width=\"115\" height=\"204\" srcset=\"https:\/\/ilviaggiodivittorio.it\/wp-content\/uploads\/2020\/11\/rada-nadelcu-576x1024.jpeg 576w, https:\/\/ilviaggiodivittorio.it\/wp-content\/uploads\/2020\/11\/rada-nadelcu-169x300.jpeg 169w, https:\/\/ilviaggiodivittorio.it\/wp-content\/uploads\/2020\/11\/rada-nadelcu-768x1366.jpeg 768w, https:\/\/ilviaggiodivittorio.it\/wp-content\/uploads\/2020\/11\/rada-nadelcu-864x1536.jpeg 864w, https:\/\/ilviaggiodivittorio.it\/wp-content\/uploads\/2020\/11\/rada-nadelcu.jpeg 899w\" sizes=\"auto, (max-width: 115px) 100vw, 115px\" \/><\/figure><\/div>\n\n\n\n<p id=\"block-7ad61cee-28d2-4079-8040-e3ae3a2d1e0e\">\u00c8 mia mamma Rada che si prende cura tutti i giorni delle api, osservando attentamente gli standard dell\u2019agricoltura biologica: senza antibiotici, senza glucosio o zuccheri, senza colture spruzzate con sostanze chimiche. Le nostre api raccolgono il nettare dalle pianure e foreste selvagge della Transilvania. Una volta tornate agli alveari, trasformano la raccolta in preziosi polline e nettare e nel miele biologico. Il nostro miele \u00e8 CRUDO: contiene enzimi, minerali e vitamine. Grazie a questi nutrienti \u00e8 raccomandato da nutrizionisti e medici per una dieta sana.<\/p>\n\n\n\n<div style=\"height:60px\" aria-hidden=\"true\" class=\"wp-block-spacer\"><\/div>\n\n\n\n<p>Il miele viene infuso poi con scorze di arance e limoni biologici, che cedono i loro oli essenziali ed il loro profumo.<\/p>\n\n\n\n<div class=\"wp-block-image\"><figure class=\"aligncenter size-large is-resized\"><img loading=\"lazy\" decoding=\"async\" src=\"https:\/\/ilviaggiodivittorio.it\/wp-content\/uploads\/2020\/11\/miele-e-agrumi-1024x683.jpg\" alt=\"\" class=\"wp-image-359\" width=\"704\" height=\"469\" srcset=\"https:\/\/ilviaggiodivittorio.it\/wp-content\/uploads\/2020\/11\/miele-e-agrumi-1024x683.jpg 1024w, https:\/\/ilviaggiodivittorio.it\/wp-content\/uploads\/2020\/11\/miele-e-agrumi-300x200.jpg 300w, https:\/\/ilviaggiodivittorio.it\/wp-content\/uploads\/2020\/11\/miele-e-agrumi-768x512.jpg 768w, https:\/\/ilviaggiodivittorio.it\/wp-content\/uploads\/2020\/11\/miele-e-agrumi-1536x1024.jpg 1536w, https:\/\/ilviaggiodivittorio.it\/wp-content\/uploads\/2020\/11\/miele-e-agrumi-2048x1366.jpg 2048w\" sizes=\"auto, (max-width: 704px) 100vw, 704px\" \/><\/figure><\/div>\n\n\n\n<div style=\"height:65px\" aria-hidden=\"true\" class=\"wp-block-spacer\"><\/div>\n\n\n\n<div class=\"wp-block-caxton-super-button\"><div class=\"\" style=\"\"><a class=\"caxton-btn no-underline dib \" href=\"https:\/\/ilviaggiodivittorio.it\/#Tappe\" data-hover-css=\"color:#555;\" style=\"letter-spacing:2px;font-weight:400;font-family:Verdana, Geneva, sans-serif;color:#000000;background-color:#ffa751;border:2px  solid ;padding:0.5em 1em;;\" data-mobile-css=\"\" data-tablet-css=\"\" data-desktop-css=\"\"><span>TORNA AL VIAGGIO<\/span><\/a><\/div><\/div>\n","protected":false},"excerpt":{"rendered":"<p>Il miele \u00e8 materia viva, e quello che abbiamo scelto per il Viaggio Fantastico lo \u00e8 di pi\u00f9&#8230; \u00c8 Radu che ne racconta la storia: \u00c8 mia mamma Rada che<\/p>\n<p class=\"more-link\"><a href=\"https:\/\/ilviaggiodivittorio.it\/?page_id=213\" class=\"readmore\">Continue reading<svg class=\"icon icon-arrow-right\" aria-hidden=\"true\" role=\"img\"> <use href=\"#icon-arrow-right\" xlink:href=\"#icon-arrow-right\"><\/use> <\/svg><span class=\"screen-reader-text\">Il Miele<\/span><\/a><\/p>\n","protected":false},"author":1,"featured_media":0,"parent":0,"menu_order":0,"comment_status":"closed","ping_status":"closed","template":"","meta":{"_uag_custom_page_level_css":"","footnotes":""},"class_list":["post-213","page","type-page","status-publish","hentry"],"yoast_head":"<!-- This site is optimized with the Yoast SEO plugin v27.4 - https:\/\/yoast.com\/product\/yoast-seo-wordpress\/ -->\n<title>Il Miele -<\/title>\n<meta name=\"robots\" content=\"index, follow, max-snippet:-1, max-image-preview:large, max-video-preview:-1\" \/>\n<link rel=\"canonical\" href=\"https:\/\/ilviaggiodivittorio.it\/?page_id=213\" \/>\n<meta property=\"og:locale\" content=\"en_US\" \/>\n<meta property=\"og:type\" content=\"article\" \/>\n<meta property=\"og:title\" content=\"Il Miele -\" \/>\n<meta property=\"og:description\" content=\"Il miele \u00e8 materia viva, e quello che abbiamo scelto per il Viaggio Fantastico lo \u00e8 di pi\u00f9&#8230; \u00c8 Radu che ne racconta la storia: \u00c8 mia mamma Rada cheContinue reading Il Miele\" \/>\n<meta property=\"og:url\" content=\"https:\/\/ilviaggiodivittorio.it\/?page_id=213\" \/>\n<meta property=\"article:publisher\" content=\"https:\/\/www.facebook.com\/Visione-Futura-101418805139195\" \/>\n<meta property=\"article:modified_time\" content=\"2020-12-02T07:13:30+00:00\" \/>\n<meta property=\"og:image\" content=\"https:\/\/ilviaggiodivittorio.it\/wp-content\/uploads\/2020\/11\/rada-nadelcu-576x1024.jpeg\" \/>\n<meta name=\"twitter:card\" content=\"summary_large_image\" \/>\n<meta name=\"twitter:label1\" content=\"Est. reading time\" \/>\n\t<meta name=\"twitter:data1\" content=\"1 minute\" \/>\n<script type=\"application\/ld+json\" class=\"yoast-schema-graph\">{\"@context\":\"https:\\\/\\\/schema.org\",\"@graph\":[{\"@type\":\"WebPage\",\"@id\":\"https:\\\/\\\/ilviaggiodivittorio.it\\\/?page_id=213\",\"url\":\"https:\\\/\\\/ilviaggiodivittorio.it\\\/?page_id=213\",\"name\":\"Il Miele -\",\"isPartOf\":{\"@id\":\"https:\\\/\\\/ilviaggiodivittorio.it\\\/#website\"},\"primaryImageOfPage\":{\"@id\":\"https:\\\/\\\/ilviaggiodivittorio.it\\\/?page_id=213#primaryimage\"},\"image\":{\"@id\":\"https:\\\/\\\/ilviaggiodivittorio.it\\\/?page_id=213#primaryimage\"},\"thumbnailUrl\":\"https:\\\/\\\/ilviaggiodivittorio.it\\\/wp-content\\\/uploads\\\/2020\\\/11\\\/rada-nadelcu-576x1024.jpeg\",\"datePublished\":\"2020-11-30T17:35:28+00:00\",\"dateModified\":\"2020-12-02T07:13:30+00:00\",\"breadcrumb\":{\"@id\":\"https:\\\/\\\/ilviaggiodivittorio.it\\\/?page_id=213#breadcrumb\"},\"inLanguage\":\"en-US\",\"potentialAction\":[{\"@type\":\"ReadAction\",\"target\":[\"https:\\\/\\\/ilviaggiodivittorio.it\\\/?page_id=213\"]}]},{\"@type\":\"ImageObject\",\"inLanguage\":\"en-US\",\"@id\":\"https:\\\/\\\/ilviaggiodivittorio.it\\\/?page_id=213#primaryimage\",\"url\":\"https:\\\/\\\/ilviaggiodivittorio.it\\\/wp-content\\\/uploads\\\/2020\\\/11\\\/rada-nadelcu.jpeg\",\"contentUrl\":\"https:\\\/\\\/ilviaggiodivittorio.it\\\/wp-content\\\/uploads\\\/2020\\\/11\\\/rada-nadelcu.jpeg\",\"width\":899,\"height\":1599},{\"@type\":\"BreadcrumbList\",\"@id\":\"https:\\\/\\\/ilviaggiodivittorio.it\\\/?page_id=213#breadcrumb\",\"itemListElement\":[{\"@type\":\"ListItem\",\"position\":1,\"name\":\"Home\",\"item\":\"https:\\\/\\\/ilviaggiodivittorio.it\\\/\"},{\"@type\":\"ListItem\",\"position\":2,\"name\":\"Il Miele\"}]},{\"@type\":\"WebSite\",\"@id\":\"https:\\\/\\\/ilviaggiodivittorio.it\\\/#website\",\"url\":\"https:\\\/\\\/ilviaggiodivittorio.it\\\/\",\"name\":\"Viaggio Fantastico - Visione Futura\",\"description\":\"di Vittorio Fusari\",\"publisher\":{\"@id\":\"https:\\\/\\\/ilviaggiodivittorio.it\\\/#organization\"},\"potentialAction\":[{\"@type\":\"SearchAction\",\"target\":{\"@type\":\"EntryPoint\",\"urlTemplate\":\"https:\\\/\\\/ilviaggiodivittorio.it\\\/?s={search_term_string}\"},\"query-input\":{\"@type\":\"PropertyValueSpecification\",\"valueRequired\":true,\"valueName\":\"search_term_string\"}}],\"inLanguage\":\"en-US\"},{\"@type\":\"Organization\",\"@id\":\"https:\\\/\\\/ilviaggiodivittorio.it\\\/#organization\",\"name\":\"Visione Futura\",\"url\":\"https:\\\/\\\/ilviaggiodivittorio.it\\\/\",\"logo\":{\"@type\":\"ImageObject\",\"inLanguage\":\"en-US\",\"@id\":\"https:\\\/\\\/ilviaggiodivittorio.it\\\/#\\\/schema\\\/logo\\\/image\\\/\",\"url\":\"https:\\\/\\\/ilviaggiodivittorio.it\\\/wp-content\\\/uploads\\\/2020\\\/12\\\/LOGOVisione-futura.png\",\"contentUrl\":\"https:\\\/\\\/ilviaggiodivittorio.it\\\/wp-content\\\/uploads\\\/2020\\\/12\\\/LOGOVisione-futura.png\",\"width\":1067,\"height\":1139,\"caption\":\"Visione Futura\"},\"image\":{\"@id\":\"https:\\\/\\\/ilviaggiodivittorio.it\\\/#\\\/schema\\\/logo\\\/image\\\/\"},\"sameAs\":[\"https:\\\/\\\/www.facebook.com\\\/Visione-Futura-101418805139195\",\"https:\\\/\\\/www.instagram.com\\\/visione_futura\\\/?hl=it\"]}]}<\/script>\n<!-- \/ Yoast SEO plugin. -->","yoast_head_json":{"title":"Il Miele -","robots":{"index":"index","follow":"follow","max-snippet":"max-snippet:-1","max-image-preview":"max-image-preview:large","max-video-preview":"max-video-preview:-1"},"canonical":"https:\/\/ilviaggiodivittorio.it\/?page_id=213","og_locale":"en_US","og_type":"article","og_title":"Il Miele -","og_description":"Il miele \u00e8 materia viva, e quello che abbiamo scelto per il Viaggio Fantastico lo \u00e8 di pi\u00f9&#8230; \u00c8 Radu che ne racconta la storia: \u00c8 mia mamma Rada cheContinue reading Il Miele","og_url":"https:\/\/ilviaggiodivittorio.it\/?page_id=213","article_publisher":"https:\/\/www.facebook.com\/Visione-Futura-101418805139195","article_modified_time":"2020-12-02T07:13:30+00:00","og_image":[{"url":"https:\/\/ilviaggiodivittorio.it\/wp-content\/uploads\/2020\/11\/rada-nadelcu-576x1024.jpeg","type":"","width":"","height":""}],"twitter_card":"summary_large_image","twitter_misc":{"Est. reading time":"1 minute"},"schema":{"@context":"https:\/\/schema.org","@graph":[{"@type":"WebPage","@id":"https:\/\/ilviaggiodivittorio.it\/?page_id=213","url":"https:\/\/ilviaggiodivittorio.it\/?page_id=213","name":"Il Miele -","isPartOf":{"@id":"https:\/\/ilviaggiodivittorio.it\/#website"},"primaryImageOfPage":{"@id":"https:\/\/ilviaggiodivittorio.it\/?page_id=213#primaryimage"},"image":{"@id":"https:\/\/ilviaggiodivittorio.it\/?page_id=213#primaryimage"},"thumbnailUrl":"https:\/\/ilviaggiodivittorio.it\/wp-content\/uploads\/2020\/11\/rada-nadelcu-576x1024.jpeg","datePublished":"2020-11-30T17:35:28+00:00","dateModified":"2020-12-02T07:13:30+00:00","breadcrumb":{"@id":"https:\/\/ilviaggiodivittorio.it\/?page_id=213#breadcrumb"},"inLanguage":"en-US","potentialAction":[{"@type":"ReadAction","target":["https:\/\/ilviaggiodivittorio.it\/?page_id=213"]}]},{"@type":"ImageObject","inLanguage":"en-US","@id":"https:\/\/ilviaggiodivittorio.it\/?page_id=213#primaryimage","url":"https:\/\/ilviaggiodivittorio.it\/wp-content\/uploads\/2020\/11\/rada-nadelcu.jpeg","contentUrl":"https:\/\/ilviaggiodivittorio.it\/wp-content\/uploads\/2020\/11\/rada-nadelcu.jpeg","width":899,"height":1599},{"@type":"BreadcrumbList","@id":"https:\/\/ilviaggiodivittorio.it\/?page_id=213#breadcrumb","itemListElement":[{"@type":"ListItem","position":1,"name":"Home","item":"https:\/\/ilviaggiodivittorio.it\/"},{"@type":"ListItem","position":2,"name":"Il Miele"}]},{"@type":"WebSite","@id":"https:\/\/ilviaggiodivittorio.it\/#website","url":"https:\/\/ilviaggiodivittorio.it\/","name":"Viaggio Fantastico - Visione Futura","description":"di Vittorio Fusari","publisher":{"@id":"https:\/\/ilviaggiodivittorio.it\/#organization"},"potentialAction":[{"@type":"SearchAction","target":{"@type":"EntryPoint","urlTemplate":"https:\/\/ilviaggiodivittorio.it\/?s={search_term_string}"},"query-input":{"@type":"PropertyValueSpecification","valueRequired":true,"valueName":"search_term_string"}}],"inLanguage":"en-US"},{"@type":"Organization","@id":"https:\/\/ilviaggiodivittorio.it\/#organization","name":"Visione Futura","url":"https:\/\/ilviaggiodivittorio.it\/","logo":{"@type":"ImageObject","inLanguage":"en-US","@id":"https:\/\/ilviaggiodivittorio.it\/#\/schema\/logo\/image\/","url":"https:\/\/ilviaggiodivittorio.it\/wp-content\/uploads\/2020\/12\/LOGOVisione-futura.png","contentUrl":"https:\/\/ilviaggiodivittorio.it\/wp-content\/uploads\/2020\/12\/LOGOVisione-futura.png","width":1067,"height":1139,"caption":"Visione Futura"},"image":{"@id":"https:\/\/ilviaggiodivittorio.it\/#\/schema\/logo\/image\/"},"sameAs":["https:\/\/www.facebook.com\/Visione-Futura-101418805139195","https:\/\/www.instagram.com\/visione_futura\/?hl=it"]}]}},"uagb_featured_image_src":{"full":false,"thumbnail":false,"medium":false,"medium_large":false,"large":false,"1536x1536":false,"2048x2048":false,"post-thumbnail":false,"photofocus-single-post-page":false,"photofocus-testimonial":false,"photofocus-stats":false,"photofocus-team":false,"photofocus-logo-slider":false,"photofocus-portfolio":false,"photofocus-services":false},"uagb_author_info":{"display_name":"Ale","author_link":"https:\/\/ilviaggiodivittorio.it\/?author=1"},"uagb_comment_info":0,"uagb_excerpt":"Il miele \u00e8 materia viva, e quello che abbiamo scelto per il Viaggio Fantastico lo \u00e8 di pi\u00f9&#8230; \u00c8 Radu che ne racconta la storia: \u00c8 mia mamma Rada cheContinue reading Il Miele","_links":{"self":[{"href":"https:\/\/ilviaggiodivittorio.it\/index.php?rest_route=\/wp\/v2\/pages\/213","targetHints":{"allow":["GET"]}}],"collection":[{"href":"https:\/\/ilviaggiodivittorio.it\/index.php?rest_route=\/wp\/v2\/pages"}],"about":[{"href":"https:\/\/ilviaggiodivittorio.it\/index.php?rest_route=\/wp\/v2\/types\/page"}],"author":[{"embeddable":true,"href":"https:\/\/ilviaggiodivittorio.it\/index.php?rest_route=\/wp\/v2\/users\/1"}],"replies":[{"embeddable":true,"href":"https:\/\/ilviaggiodivittorio.it\/index.php?rest_route=%2Fwp%2Fv2%2Fcomments&post=213"}],"version-history":[{"count":15,"href":"https:\/\/ilviaggiodivittorio.it\/index.php?rest_route=\/wp\/v2\/pages\/213\/revisions"}],"predecessor-version":[{"id":447,"href":"https:\/\/ilviaggiodivittorio.it\/index.php?rest_route=\/wp\/v2\/pages\/213\/revisions\/447"}],"wp:attachment":[{"href":"https:\/\/ilviaggiodivittorio.it\/index.php?rest_route=%2Fwp%2Fv2%2Fmedia&parent=213"}],"curies":[{"name":"wp","href":"https:\/\/api.w.org\/{rel}","templated":true}]}}